{"id":5117,"date":"2022-10-05T13:10:03","date_gmt":"2022-10-05T17:10:03","guid":{"rendered":"https:\/\/powersustainablelios.com\/?page_id=5117"},"modified":"2024-05-31T13:55:54","modified_gmt":"2024-05-31T17:55:54","slug":"notre-portfolio","status":"publish","type":"page","link":"https:\/\/powersustainablelios.com\/fr\/notre-portfolio\/","title":{"rendered":"Portfolio"},"content":{"rendered":"\t\t<div data-elementor-type=\"wp-page\" data-elementor-id=\"5117\" class=\"elementor elementor-5117 elementor-4882\" data-elementor-post-type=\"page\">\n\t\t\t\t\t\t<section class=\"elementor-section elementor-top-section elementor-element elementor-element-472a275 elementor-section-height-min-height elementor-section-items-bottom elementor-section-content-bottom elementor-reverse-tablet elementor-reverse-mobile elementor-section-full_width elementor-section-height-default\" data-id=\"472a275\" data-element_type=\"section\" data-e-type=\"section\" data-settings=\"{&quot;background_background&quot;:&quot;classic&quot;}\">\n\t\t\t\t\t\t<div class=\"elementor-container elementor-column-gap-default\">\n\t\t\t\t\t<div class=\"elementor-column elementor-col-50 elementor-top-column elementor-element elementor-element-97e2d62\" data-id=\"97e2d62\" data-element_type=\"column\" data-e-type=\"column\">\n\t\t\t<div class=\"elementor-widget-wrap elementor-element-populated\">\n\t\t\t\t\t\t<div class=\"elementor-element elementor-element-a42746e elementor-widget elementor-widget-heading\" data-id=\"a42746e\" data-element_type=\"widget\" data-e-type=\"widget\" data-widget_type=\"heading.default\">\n\t\t\t\t<div class=\"elementor-widget-container\">\n\t\t\t\t\t<h2 class=\"elementor-heading-title elementor-size-default\">Portfolio<\/h2>\t\t\t\t<\/div>\n\t\t\t\t<\/div>\n\t\t\t\t<div class=\"elementor-element elementor-element-6d7abab elementor-widget elementor-widget-heading\" data-id=\"6d7abab\" data-element_type=\"widget\" data-e-type=\"widget\" data-widget_type=\"heading.default\">\n\t\t\t\t<div class=\"elementor-widget-container\">\n\t\t\t\t\t<h2 class=\"elementor-heading-title elementor-size-default\">Investir dans de grandes entreprises et des \u00e9quipes de direction dans toute la cha\u00eene de valeur alimentaire en Am\u00e9rique du Nord \u2013 s'associer avec des propri\u00e9taires et des exploitants pour acc\u00e9l\u00e9rer la croissance<\/h2>\t\t\t\t<\/div>\n\t\t\t\t<\/div>\n\t\t\t\t\t<\/div>\n\t\t<\/div>\n\t\t\t\t<div class=\"elementor-column elementor-col-50 elementor-top-column elementor-element elementor-element-01161b9\" data-id=\"01161b9\" data-element_type=\"column\" data-e-type=\"column\">\n\t\t\t<div class=\"elementor-widget-wrap\">\n\t\t\t\t\t\t\t<\/div>\n\t\t<\/div>\n\t\t\t\t\t<\/div>\n\t\t<\/section>\n\t\t\t\t<section class=\"elementor-section elementor-top-section elementor-element elementor-element-4aa69a4 elementor-section-full_width elementor-section-height-min-height elementor-section-height-default elementor-section-items-middle\" data-id=\"4aa69a4\" data-element_type=\"section\" data-e-type=\"section\" data-settings=\"{&quot;background_background&quot;:&quot;classic&quot;}\">\n\t\t\t\t\t\t<div class=\"elementor-container elementor-column-gap-default\">\n\t\t\t\t\t<div class=\"elementor-column elementor-col-100 elementor-top-column elementor-element elementor-element-7c6a150\" data-id=\"7c6a150\" data-element_type=\"column\" data-e-type=\"column\">\n\t\t\t<div class=\"elementor-widget-wrap\">\n\t\t\t\t\t\t\t<\/div>\n\t\t<\/div>\n\t\t\t\t\t<\/div>\n\t\t<\/section>\n\t\t\t\t<section class=\"elementor-section elementor-top-section elementor-element elementor-element-422285e elementor-section-boxed elementor-section-height-default elementor-section-height-default\" data-id=\"422285e\" data-element_type=\"section\" data-e-type=\"section\">\n\t\t\t\t\t\t<div class=\"elementor-container elementor-column-gap-default\">\n\t\t\t\t\t<div class=\"elementor-column elementor-col-100 elementor-top-column elementor-element elementor-element-25d8998\" data-id=\"25d8998\" data-element_type=\"column\" data-e-type=\"column\">\n\t\t\t<div class=\"elementor-widget-wrap elementor-element-populated\">\n\t\t\t\t\t\t<div class=\"elementor-element elementor-element-bf8be6e elementor-widget elementor-widget-jet-listing-grid\" data-id=\"bf8be6e\" data-element_type=\"widget\" data-e-type=\"widget\" data-settings=\"{&quot;columns&quot;:&quot;2&quot;,&quot;columns_tablet&quot;:&quot;1&quot;,&quot;columns_mobile&quot;:&quot;1&quot;}\" data-widget_type=\"jet-listing-grid.default\">\n\t\t\t\t<div class=\"elementor-widget-container\">\n\t\t\t\t\t<div class=\"jet-listing-grid jet-listing\"><div class=\"jet-listing-grid__items grid-col-desk-2 grid-col-tablet-1 grid-col-mobile-1 jet-listing-grid--5087\" data-queried-id=\"5117|WP_Post\" data-nav=\"{&quot;enabled&quot;:false,&quot;type&quot;:null,&quot;more_el&quot;:null,&quot;query&quot;:[],&quot;widget_settings&quot;:{&quot;lisitng_id&quot;:5087,&quot;posts_num&quot;:6,&quot;columns&quot;:2,&quot;columns_tablet&quot;:1,&quot;columns_mobile&quot;:1,&quot;column_min_width&quot;:240,&quot;column_min_width_tablet&quot;:240,&quot;column_min_width_mobile&quot;:240,&quot;inline_columns_css&quot;:false,&quot;is_archive_template&quot;:&quot;&quot;,&quot;post_status&quot;:[&quot;publish&quot;],&quot;use_random_posts_num&quot;:&quot;&quot;,&quot;max_posts_num&quot;:9,&quot;not_found_message&quot;:&quot;No data was found&quot;,&quot;is_masonry&quot;:false,&quot;equal_columns_height&quot;:&quot;&quot;,&quot;use_load_more&quot;:&quot;&quot;,&quot;load_more_id&quot;:&quot;&quot;,&quot;load_more_type&quot;:&quot;click&quot;,&quot;load_more_offset&quot;:{&quot;unit&quot;:&quot;px&quot;,&quot;size&quot;:0,&quot;sizes&quot;:[]},&quot;use_custom_post_types&quot;:&quot;&quot;,&quot;custom_post_types&quot;:[],&quot;hide_widget_if&quot;:&quot;&quot;,&quot;carousel_enabled&quot;:&quot;&quot;,&quot;slides_to_scroll&quot;:&quot;1&quot;,&quot;arrows&quot;:&quot;true&quot;,&quot;arrow_icon&quot;:&quot;fa fa-angle-left&quot;,&quot;dots&quot;:&quot;&quot;,&quot;autoplay&quot;:&quot;true&quot;,&quot;pause_on_hover&quot;:&quot;true&quot;,&quot;autoplay_speed&quot;:5000,&quot;infinite&quot;:&quot;true&quot;,&quot;center_mode&quot;:&quot;&quot;,&quot;effect&quot;:&quot;slide&quot;,&quot;speed&quot;:500,&quot;inject_alternative_items&quot;:&quot;&quot;,&quot;injection_items&quot;:[],&quot;scroll_slider_enabled&quot;:&quot;&quot;,&quot;scroll_slider_on&quot;:[&quot;desktop&quot;,&quot;tablet&quot;,&quot;mobile&quot;],&quot;custom_query&quot;:false,&quot;custom_query_id&quot;:&quot;&quot;,&quot;_element_id&quot;:&quot;&quot;,&quot;collapse_first_last_gap&quot;:false,&quot;list_tag_selection&quot;:&quot;&quot;,&quot;list_items_wrapper_tag&quot;:&quot;div&quot;,&quot;list_item_tag&quot;:&quot;div&quot;,&quot;empty_items_wrapper_tag&quot;:&quot;div&quot;}}\" data-page=\"1\" data-pages=\"1\" data-listing-source=\"posts\" data-listing-id=\"5087\" data-query-id=\"\"><div class=\"jet-listing-grid__item jet-listing-dynamic-post-5563\" data-post-id=\"5563\"  >\t\t<div data-elementor-type=\"jet-listing-items\" data-elementor-id=\"5121\" class=\"elementor elementor-5121 elementor-5087 elementor-5087\" data-elementor-post-type=\"jet-engine\">\n\t\t\t\t\t\t<section class=\"elementor-section elementor-top-section elementor-element elementor-element-00898c3 elementor-section-boxed elementor-section-height-default elementor-section-height-default\" data-id=\"00898c3\" data-element_type=\"section\" data-e-type=\"section\">\n\t\t\t\t\t\t<div class=\"elementor-container elementor-column-gap-default\">\n\t\t\t\t\t<div class=\"elementor-column elementor-col-100 elementor-top-column elementor-element elementor-element-3393dd7\" data-id=\"3393dd7\" data-element_type=\"column\" data-e-type=\"column\">\n\t\t\t<div class=\"elementor-widget-wrap elementor-element-populated\">\n\t\t\t\t\t\t<div class=\"elementor-element elementor-element-04da9c6 elementor-widget elementor-widget-image\" data-id=\"04da9c6\" data-element_type=\"widget\" data-e-type=\"widget\" data-widget_type=\"image.default\">\n\t\t\t\t<div class=\"elementor-widget-container\">\n\t\t\t\t\t\t\t\t\t\t\t\t\t\t\t\t<a href=\"https:\/\/powersustainablelios.com\/fr\/portfolio\/food-cycle-science\/\">\n\t\t\t\t\t\t\t<img fetchpriority=\"high\" decoding=\"async\" width=\"600\" height=\"350\" src=\"https:\/\/powersustainablelios.com\/wp-content\/uploads\/2024\/06\/foodcycle-science.png\" class=\"attachment-full size-full wp-image-5568\" alt=\"\" srcset=\"https:\/\/powersustainablelios.com\/wp-content\/uploads\/2024\/06\/foodcycle-science.png 600w, https:\/\/powersustainablelios.com\/wp-content\/uploads\/2024\/06\/foodcycle-science-300x175.png 300w\" sizes=\"(max-width: 600px) 100vw, 600px\" \/>\t\t\t\t\t\t\t\t<\/a>\n\t\t\t\t\t\t\t\t\t\t\t\t\t\t\t<\/div>\n\t\t\t\t<\/div>\n\t\t\t\t<div class=\"elementor-element elementor-element-44071ce elementor-widget elementor-widget-heading\" data-id=\"44071ce\" data-element_type=\"widget\" data-e-type=\"widget\" data-widget_type=\"heading.default\">\n\t\t\t\t<div class=\"elementor-widget-container\">\n\t\t\t\t\t<h2 class=\"elementor-heading-title elementor-size-default\"><a href=\"https:\/\/powersustainablelios.com\/fr\/portfolio\/food-cycle-science\/\">Food Cycle Science<\/a><\/h2>\t\t\t\t<\/div>\n\t\t\t\t<\/div>\n\t\t\t\t<div class=\"elementor-element elementor-element-55ba2c2 elementor-widget elementor-widget-text-editor\" data-id=\"55ba2c2\" data-element_type=\"widget\" data-e-type=\"widget\" data-widget_type=\"text-editor.default\">\n\t\t\t\t<div class=\"elementor-widget-container\">\n\t\t\t\t\t\t\t\t\tFCS con\u00e7oit et fournit des solutions de gestion des d\u00e9chets qui permettent aux particuliers, aux entreprises et aux collectivit\u00e9s de g\u00e9rer leurs d\u00e9chets alimentaires de mani\u00e8re pratique et durable&#8230;.\t\t\t\t\t\t\t\t<\/div>\n\t\t\t\t<\/div>\n\t\t\t\t<div class=\"elementor-element elementor-element-60d136e elementor-widget elementor-widget-jet-listing-dynamic-link\" data-id=\"60d136e\" data-element_type=\"widget\" data-e-type=\"widget\" data-widget_type=\"jet-listing-dynamic-link.default\">\n\t\t\t\t<div class=\"elementor-widget-container\">\n\t\t\t\t\t<div class=\"jet-listing jet-listing-dynamic-link\"><a href=\"https:\/\/powersustainablelios.com\/fr\/portfolio\/food-cycle-science\/\" class=\"jet-listing-dynamic-link__link\"><i class=\"jet-listing-dynamic-link__icon fas fa-arrow-right\" aria-hidden=\"true\"><\/i><span class=\"jet-listing-dynamic-link__label\">Explorer<\/span><\/a><\/div>\t\t\t\t<\/div>\n\t\t\t\t<\/div>\n\t\t\t\t\t<\/div>\n\t\t<\/div>\n\t\t\t\t\t<\/div>\n\t\t<\/section>\n\t\t\t\t<\/div>\n\t\t<\/div><div class=\"jet-listing-grid__item jet-listing-dynamic-post-5545\" data-post-id=\"5545\"  >\t\t<div data-elementor-type=\"jet-listing-items\" data-elementor-id=\"5121\" class=\"elementor elementor-5121 elementor-5087 elementor-5087\" data-elementor-post-type=\"jet-engine\">\n\t\t\t\t\t\t<section class=\"elementor-section elementor-top-section elementor-element elementor-element-00898c3 elementor-section-boxed elementor-section-height-default elementor-section-height-default\" data-id=\"00898c3\" data-element_type=\"section\" data-e-type=\"section\">\n\t\t\t\t\t\t<div class=\"elementor-container elementor-column-gap-default\">\n\t\t\t\t\t<div class=\"elementor-column elementor-col-100 elementor-top-column elementor-element elementor-element-3393dd7\" data-id=\"3393dd7\" data-element_type=\"column\" data-e-type=\"column\">\n\t\t\t<div class=\"elementor-widget-wrap elementor-element-populated\">\n\t\t\t\t\t\t<div class=\"elementor-element elementor-element-04da9c6 elementor-widget elementor-widget-image\" data-id=\"04da9c6\" data-element_type=\"widget\" data-e-type=\"widget\" data-widget_type=\"image.default\">\n\t\t\t\t<div class=\"elementor-widget-container\">\n\t\t\t\t\t\t\t\t\t\t\t\t\t\t\t\t<a href=\"https:\/\/powersustainablelios.com\/fr\/portfolio\/private-brands-consortium\/\">\n\t\t\t\t\t\t\t<img decoding=\"async\" width=\"600\" height=\"350\" src=\"https:\/\/powersustainablelios.com\/wp-content\/uploads\/2024\/03\/private-brands-consortium.png\" class=\"attachment-full size-full wp-image-5524\" alt=\"\" srcset=\"https:\/\/powersustainablelios.com\/wp-content\/uploads\/2024\/03\/private-brands-consortium.png 600w, https:\/\/powersustainablelios.com\/wp-content\/uploads\/2024\/03\/private-brands-consortium-300x175.png 300w\" sizes=\"(max-width: 600px) 100vw, 600px\" \/>\t\t\t\t\t\t\t\t<\/a>\n\t\t\t\t\t\t\t\t\t\t\t\t\t\t\t<\/div>\n\t\t\t\t<\/div>\n\t\t\t\t<div class=\"elementor-element elementor-element-44071ce elementor-widget elementor-widget-heading\" data-id=\"44071ce\" data-element_type=\"widget\" data-e-type=\"widget\" data-widget_type=\"heading.default\">\n\t\t\t\t<div class=\"elementor-widget-container\">\n\t\t\t\t\t<h2 class=\"elementor-heading-title elementor-size-default\"><a href=\"https:\/\/powersustainablelios.com\/fr\/portfolio\/private-brands-consortium\/\">Private Brands Consortium<\/a><\/h2>\t\t\t\t<\/div>\n\t\t\t\t<\/div>\n\t\t\t\t<div class=\"elementor-element elementor-element-55ba2c2 elementor-widget elementor-widget-text-editor\" data-id=\"55ba2c2\" data-element_type=\"widget\" data-e-type=\"widget\" data-widget_type=\"text-editor.default\">\n\t\t\t\t<div class=\"elementor-widget-container\">\n\t\t\t\t\t\t\t\t\tPrivate Brands Consortium est un distributeur de produits alimentaires \u00e0 valeur ajout\u00e9e desservant les march\u00e9s des marques de distributeur et des marques de commerce&#8230;.\t\t\t\t\t\t\t\t<\/div>\n\t\t\t\t<\/div>\n\t\t\t\t<div class=\"elementor-element elementor-element-60d136e elementor-widget elementor-widget-jet-listing-dynamic-link\" data-id=\"60d136e\" data-element_type=\"widget\" data-e-type=\"widget\" data-widget_type=\"jet-listing-dynamic-link.default\">\n\t\t\t\t<div class=\"elementor-widget-container\">\n\t\t\t\t\t<div class=\"jet-listing jet-listing-dynamic-link\"><a href=\"https:\/\/powersustainablelios.com\/fr\/portfolio\/private-brands-consortium\/\" class=\"jet-listing-dynamic-link__link\"><i class=\"jet-listing-dynamic-link__icon fas fa-arrow-right\" aria-hidden=\"true\"><\/i><span class=\"jet-listing-dynamic-link__label\">Explorer<\/span><\/a><\/div>\t\t\t\t<\/div>\n\t\t\t\t<\/div>\n\t\t\t\t\t<\/div>\n\t\t<\/div>\n\t\t\t\t\t<\/div>\n\t\t<\/section>\n\t\t\t\t<\/div>\n\t\t<\/div><div class=\"jet-listing-grid__item jet-listing-dynamic-post-5097\" data-post-id=\"5097\"  >\t\t<div data-elementor-type=\"jet-listing-items\" data-elementor-id=\"5121\" class=\"elementor elementor-5121 elementor-5087 elementor-5087\" data-elementor-post-type=\"jet-engine\">\n\t\t\t\t\t\t<section class=\"elementor-section elementor-top-section elementor-element elementor-element-00898c3 elementor-section-boxed elementor-section-height-default elementor-section-height-default\" data-id=\"00898c3\" data-element_type=\"section\" data-e-type=\"section\">\n\t\t\t\t\t\t<div class=\"elementor-container elementor-column-gap-default\">\n\t\t\t\t\t<div class=\"elementor-column elementor-col-100 elementor-top-column elementor-element elementor-element-3393dd7\" data-id=\"3393dd7\" data-element_type=\"column\" data-e-type=\"column\">\n\t\t\t<div class=\"elementor-widget-wrap elementor-element-populated\">\n\t\t\t\t\t\t<div class=\"elementor-element elementor-element-04da9c6 elementor-widget elementor-widget-image\" data-id=\"04da9c6\" data-element_type=\"widget\" data-e-type=\"widget\" data-widget_type=\"image.default\">\n\t\t\t\t<div class=\"elementor-widget-container\">\n\t\t\t\t\t\t\t\t\t\t\t\t\t\t\t\t<a href=\"https:\/\/powersustainablelios.com\/fr\/portfolio\/goodleaf-farms\/\">\n\t\t\t\t\t\t\t<img decoding=\"async\" width=\"600\" height=\"350\" src=\"https:\/\/powersustainablelios.com\/wp-content\/uploads\/2024\/03\/goodleaf.png\" class=\"attachment-full size-full wp-image-5522\" alt=\"\" srcset=\"https:\/\/powersustainablelios.com\/wp-content\/uploads\/2024\/03\/goodleaf.png 600w, https:\/\/powersustainablelios.com\/wp-content\/uploads\/2024\/03\/goodleaf-300x175.png 300w\" sizes=\"(max-width: 600px) 100vw, 600px\" \/>\t\t\t\t\t\t\t\t<\/a>\n\t\t\t\t\t\t\t\t\t\t\t\t\t\t\t<\/div>\n\t\t\t\t<\/div>\n\t\t\t\t<div class=\"elementor-element elementor-element-44071ce elementor-widget elementor-widget-heading\" data-id=\"44071ce\" data-element_type=\"widget\" data-e-type=\"widget\" data-widget_type=\"heading.default\">\n\t\t\t\t<div class=\"elementor-widget-container\">\n\t\t\t\t\t<h2 class=\"elementor-heading-title elementor-size-default\"><a href=\"https:\/\/powersustainablelios.com\/fr\/portfolio\/goodleaf-farms\/\">GoodLeaf Farms<\/a><\/h2>\t\t\t\t<\/div>\n\t\t\t\t<\/div>\n\t\t\t\t<div class=\"elementor-element elementor-element-55ba2c2 elementor-widget elementor-widget-text-editor\" data-id=\"55ba2c2\" data-element_type=\"widget\" data-e-type=\"widget\" data-widget_type=\"text-editor.default\">\n\t\t\t\t<div class=\"elementor-widget-container\">\n\t\t\t\t\t\t\t\t\tGoodLeaf Farms est le plus grand producteur au Canada de l\u00e9gumes-feuilles et de micro-l\u00e9gumes cultiv\u00e9s verticalement, locaux, durables et sans pesticides&#8230;\t\t\t\t\t\t\t\t<\/div>\n\t\t\t\t<\/div>\n\t\t\t\t<div class=\"elementor-element elementor-element-60d136e elementor-widget elementor-widget-jet-listing-dynamic-link\" data-id=\"60d136e\" data-element_type=\"widget\" data-e-type=\"widget\" data-widget_type=\"jet-listing-dynamic-link.default\">\n\t\t\t\t<div class=\"elementor-widget-container\">\n\t\t\t\t\t<div class=\"jet-listing jet-listing-dynamic-link\"><a href=\"https:\/\/powersustainablelios.com\/fr\/portfolio\/goodleaf-farms\/\" class=\"jet-listing-dynamic-link__link\"><i class=\"jet-listing-dynamic-link__icon fas fa-arrow-right\" aria-hidden=\"true\"><\/i><span class=\"jet-listing-dynamic-link__label\">Explorer<\/span><\/a><\/div>\t\t\t\t<\/div>\n\t\t\t\t<\/div>\n\t\t\t\t\t<\/div>\n\t\t<\/div>\n\t\t\t\t\t<\/div>\n\t\t<\/section>\n\t\t\t\t<\/div>\n\t\t<\/div><\/div><\/div>\t\t\t\t<\/div>\n\t\t\t\t<\/div>\n\t\t\t\t\t<\/div>\n\t\t<\/div>\n\t\t\t\t\t<\/div>\n\t\t<\/section>\n\t\t\t\t<\/div>\n\t\t","protected":false},"excerpt":{"rendered":"<p>Investir dans de grandes entreprises et des \u00e9quipes de direction dans toute la cha\u00eene de valeur alimentaire en Am\u00e9rique du Nord \u2013 s&rsquo;associer avec des propri\u00e9taires et des exploitants pour acc\u00e9l\u00e9rer la croissance Explorer Explorer<\/p>\n","protected":false},"author":1,"featured_media":0,"parent":0,"menu_order":0,"comment_status":"closed","ping_status":"closed","template":"elementor_header_footer","meta":{"_acf_changed":false,"inline_featured_image":false,"footnotes":""},"class_list":["post-5117","page","type-page","status-publish","hentry"],"acf":[],"yoast_head":"<!-- This site is optimized with the Yoast SEO plugin v27.4 - https:\/\/yoast.com\/product\/yoast-seo-wordpress\/ -->\n<title>Portfolio - Power Sustainable Lios<\/title>\n<meta name=\"robots\" content=\"noindex, nofollow\" \/>\n<meta property=\"og:locale\" content=\"fr_CA\" \/>\n<meta property=\"og:type\" content=\"article\" \/>\n<meta property=\"og:title\" content=\"Portfolio - Power Sustainable Lios\" \/>\n<meta property=\"og:description\" content=\"Investir dans de grandes entreprises et des \u00e9quipes de direction dans toute la cha\u00eene de valeur alimentaire en Am\u00e9rique du Nord \u2013 s&rsquo;associer avec des propri\u00e9taires et des exploitants pour acc\u00e9l\u00e9rer la croissance Explorer Explorer\" \/>\n<meta property=\"og:url\" content=\"https:\/\/powersustainablelios.com\/fr\/notre-portfolio\/\" \/>\n<meta property=\"og:site_name\" content=\"Power Sustainable Lios\" \/>\n<meta property=\"article:modified_time\" content=\"2024-05-31T17:55:54+00:00\" \/>\n<meta property=\"og:image\" content=\"https:\/\/powersustainablelios.com\/wp-content\/uploads\/2022\/03\/PowerSustainable_Lios_Red_db.png\" \/>\n\t<meta property=\"og:image:width\" content=\"745\" \/>\n\t<meta property=\"og:image:height\" content=\"745\" \/>\n\t<meta property=\"og:image:type\" content=\"image\/png\" \/>\n<meta name=\"twitter:card\" content=\"summary_large_image\" \/>\n<meta name=\"twitter:label1\" content=\"Estimation du temps de lecture\" \/>\n\t<meta name=\"twitter:data1\" content=\"2 minutes\" \/>\n<script type=\"application\/ld+json\" class=\"yoast-schema-graph\">{\"@context\":\"https:\\\/\\\/schema.org\",\"@graph\":[{\"@type\":\"WebPage\",\"@id\":\"https:\\\/\\\/powersustainablelios.com\\\/fr\\\/notre-portfolio\\\/\",\"url\":\"https:\\\/\\\/powersustainablelios.com\\\/fr\\\/notre-portfolio\\\/\",\"name\":\"Portfolio - Power Sustainable Lios\",\"isPartOf\":{\"@id\":\"https:\\\/\\\/powersustainablelios.com\\\/#website\"},\"datePublished\":\"2022-10-05T17:10:03+00:00\",\"dateModified\":\"2024-05-31T17:55:54+00:00\",\"breadcrumb\":{\"@id\":\"https:\\\/\\\/powersustainablelios.com\\\/fr\\\/notre-portfolio\\\/#breadcrumb\"},\"inLanguage\":\"fr-CA\",\"potentialAction\":[{\"@type\":\"ReadAction\",\"target\":[\"https:\\\/\\\/powersustainablelios.com\\\/fr\\\/notre-portfolio\\\/\"]}]},{\"@type\":\"BreadcrumbList\",\"@id\":\"https:\\\/\\\/powersustainablelios.com\\\/fr\\\/notre-portfolio\\\/#breadcrumb\",\"itemListElement\":[{\"@type\":\"ListItem\",\"position\":1,\"name\":\"Home\",\"item\":\"https:\\\/\\\/powersustainablelios.com\\\/fr\\\/\"},{\"@type\":\"ListItem\",\"position\":2,\"name\":\"Portfolio\"}]},{\"@type\":\"WebSite\",\"@id\":\"https:\\\/\\\/powersustainablelios.com\\\/#website\",\"url\":\"https:\\\/\\\/powersustainablelios.com\\\/\",\"name\":\"Power Sustainable Lios\",\"description\":\"\",\"publisher\":{\"@id\":\"https:\\\/\\\/powersustainablelios.com\\\/#organization\"},\"potentialAction\":[{\"@type\":\"SearchAction\",\"target\":{\"@type\":\"EntryPoint\",\"urlTemplate\":\"https:\\\/\\\/powersustainablelios.com\\\/?s={search_term_string}\"},\"query-input\":{\"@type\":\"PropertyValueSpecification\",\"valueRequired\":true,\"valueName\":\"search_term_string\"}}],\"inLanguage\":\"fr-CA\"},{\"@type\":\"Organization\",\"@id\":\"https:\\\/\\\/powersustainablelios.com\\\/#organization\",\"name\":\"Power Sustainable Lios\",\"url\":\"https:\\\/\\\/powersustainablelios.com\\\/\",\"logo\":{\"@type\":\"ImageObject\",\"inLanguage\":\"fr-CA\",\"@id\":\"https:\\\/\\\/powersustainablelios.com\\\/#\\\/schema\\\/logo\\\/image\\\/\",\"url\":\"https:\\\/\\\/powersustainablelios.com\\\/wp-content\\\/uploads\\\/2022\\\/03\\\/PowerSustainable_Lios_Red.png\",\"contentUrl\":\"https:\\\/\\\/powersustainablelios.com\\\/wp-content\\\/uploads\\\/2022\\\/03\\\/PowerSustainable_Lios_Red.png\",\"width\":745,\"height\":166,\"caption\":\"Power Sustainable Lios\"},\"image\":{\"@id\":\"https:\\\/\\\/powersustainablelios.com\\\/#\\\/schema\\\/logo\\\/image\\\/\"}}]}<\/script>\n<!-- \/ Yoast SEO plugin. -->","yoast_head_json":{"title":"Portfolio - Power Sustainable Lios","robots":{"index":"noindex","follow":"nofollow"},"og_locale":"fr_CA","og_type":"article","og_title":"Portfolio - Power Sustainable Lios","og_description":"Investir dans de grandes entreprises et des \u00e9quipes de direction dans toute la cha\u00eene de valeur alimentaire en Am\u00e9rique du Nord \u2013 s&rsquo;associer avec des propri\u00e9taires et des exploitants pour acc\u00e9l\u00e9rer la croissance Explorer Explorer","og_url":"https:\/\/powersustainablelios.com\/fr\/notre-portfolio\/","og_site_name":"Power Sustainable Lios","article_modified_time":"2024-05-31T17:55:54+00:00","og_image":[{"width":745,"height":745,"url":"https:\/\/powersustainablelios.com\/wp-content\/uploads\/2022\/03\/PowerSustainable_Lios_Red_db.png","type":"image\/png"}],"twitter_card":"summary_large_image","twitter_misc":{"Estimation du temps de lecture":"2 minutes"},"schema":{"@context":"https:\/\/schema.org","@graph":[{"@type":"WebPage","@id":"https:\/\/powersustainablelios.com\/fr\/notre-portfolio\/","url":"https:\/\/powersustainablelios.com\/fr\/notre-portfolio\/","name":"Portfolio - Power Sustainable Lios","isPartOf":{"@id":"https:\/\/powersustainablelios.com\/#website"},"datePublished":"2022-10-05T17:10:03+00:00","dateModified":"2024-05-31T17:55:54+00:00","breadcrumb":{"@id":"https:\/\/powersustainablelios.com\/fr\/notre-portfolio\/#breadcrumb"},"inLanguage":"fr-CA","potentialAction":[{"@type":"ReadAction","target":["https:\/\/powersustainablelios.com\/fr\/notre-portfolio\/"]}]},{"@type":"BreadcrumbList","@id":"https:\/\/powersustainablelios.com\/fr\/notre-portfolio\/#breadcrumb","itemListElement":[{"@type":"ListItem","position":1,"name":"Home","item":"https:\/\/powersustainablelios.com\/fr\/"},{"@type":"ListItem","position":2,"name":"Portfolio"}]},{"@type":"WebSite","@id":"https:\/\/powersustainablelios.com\/#website","url":"https:\/\/powersustainablelios.com\/","name":"Power Sustainable Lios","description":"","publisher":{"@id":"https:\/\/powersustainablelios.com\/#organization"},"potentialAction":[{"@type":"SearchAction","target":{"@type":"EntryPoint","urlTemplate":"https:\/\/powersustainablelios.com\/?s={search_term_string}"},"query-input":{"@type":"PropertyValueSpecification","valueRequired":true,"valueName":"search_term_string"}}],"inLanguage":"fr-CA"},{"@type":"Organization","@id":"https:\/\/powersustainablelios.com\/#organization","name":"Power Sustainable Lios","url":"https:\/\/powersustainablelios.com\/","logo":{"@type":"ImageObject","inLanguage":"fr-CA","@id":"https:\/\/powersustainablelios.com\/#\/schema\/logo\/image\/","url":"https:\/\/powersustainablelios.com\/wp-content\/uploads\/2022\/03\/PowerSustainable_Lios_Red.png","contentUrl":"https:\/\/powersustainablelios.com\/wp-content\/uploads\/2022\/03\/PowerSustainable_Lios_Red.png","width":745,"height":166,"caption":"Power Sustainable Lios"},"image":{"@id":"https:\/\/powersustainablelios.com\/#\/schema\/logo\/image\/"}}]}},"_links":{"self":[{"href":"https:\/\/powersustainablelios.com\/fr\/wp-json\/wp\/v2\/pages\/5117","targetHints":{"allow":["GET"]}}],"collection":[{"href":"https:\/\/powersustainablelios.com\/fr\/wp-json\/wp\/v2\/pages"}],"about":[{"href":"https:\/\/powersustainablelios.com\/fr\/wp-json\/wp\/v2\/types\/page"}],"author":[{"embeddable":true,"href":"https:\/\/powersustainablelios.com\/fr\/wp-json\/wp\/v2\/users\/1"}],"replies":[{"embeddable":true,"href":"https:\/\/powersustainablelios.com\/fr\/wp-json\/wp\/v2\/comments?post=5117"}],"version-history":[{"count":15,"href":"https:\/\/powersustainablelios.com\/fr\/wp-json\/wp\/v2\/pages\/5117\/revisions"}],"predecessor-version":[{"id":5552,"href":"https:\/\/powersustainablelios.com\/fr\/wp-json\/wp\/v2\/pages\/5117\/revisions\/5552"}],"wp:attachment":[{"href":"https:\/\/powersustainablelios.com\/fr\/wp-json\/wp\/v2\/media?parent=5117"}],"curies":[{"name":"wp","href":"https:\/\/api.w.org\/{rel}","templated":true}]}}