{"id":1374,"date":"2022-03-17T22:13:53","date_gmt":"2022-03-18T02:13:53","guid":{"rendered":"https:\/\/powersustainablelios.com\/contact\/"},"modified":"2023-01-09T10:54:07","modified_gmt":"2023-01-09T15:54:07","slug":"contact","status":"publish","type":"page","link":"https:\/\/powersustainablelios.com\/fr\/contact\/","title":{"rendered":"Contact FR"},"content":{"rendered":"\t\t<div data-elementor-type=\"wp-page\" data-elementor-id=\"1374\" class=\"elementor elementor-1374 elementor-318\" data-elementor-post-type=\"page\">\n\t\t\t\t\t\t<section class=\"elementor-section elementor-top-section elementor-element elementor-element-1bf624e elementor-section-content-bottom elementor-hidden-widescreen elementor-hidden-desktop elementor-hidden-laptop elementor-section-boxed elementor-section-height-default elementor-section-height-default\" data-id=\"1bf624e\" data-element_type=\"section\" data-e-type=\"section\" data-settings=\"{&quot;background_background&quot;:&quot;classic&quot;}\">\n\t\t\t\t\t\t<div class=\"elementor-container elementor-column-gap-default\">\n\t\t\t\t\t<div class=\"elementor-column elementor-col-100 elementor-top-column elementor-element elementor-element-71d8bf4\" data-id=\"71d8bf4\" data-element_type=\"column\" data-e-type=\"column\">\n\t\t\t<div class=\"elementor-widget-wrap elementor-element-populated\">\n\t\t\t\t\t\t<div class=\"elementor-element elementor-element-b6a499b elementor-widget elementor-widget-heading\" data-id=\"b6a499b\" data-element_type=\"widget\" data-e-type=\"widget\" data-widget_type=\"heading.default\">\n\t\t\t\t<div class=\"elementor-widget-container\">\n\t\t\t\t\t<h2 class=\"elementor-heading-title elementor-size-default\">Contactez-nous<\/h2>\t\t\t\t<\/div>\n\t\t\t\t<\/div>\n\t\t\t\t\t<\/div>\n\t\t<\/div>\n\t\t\t\t\t<\/div>\n\t\t<\/section>\n\t\t\t\t<section class=\"elementor-section elementor-top-section elementor-element elementor-element-52c6200 elementor-section-height-min-height elementor-section-items-bottom elementor-section-content-bottom elementor-reverse-tablet elementor-reverse-mobile elementor-section-full_width elementor-section-height-default\" data-id=\"52c6200\" data-element_type=\"section\" data-e-type=\"section\" data-settings=\"{&quot;background_background&quot;:&quot;classic&quot;}\">\n\t\t\t\t\t\t<div class=\"elementor-container elementor-column-gap-default\">\n\t\t\t\t\t<div class=\"elementor-column elementor-col-50 elementor-top-column elementor-element elementor-element-bf9f260\" data-id=\"bf9f260\" data-element_type=\"column\" data-e-type=\"column\">\n\t\t\t<div class=\"elementor-widget-wrap elementor-element-populated\">\n\t\t\t\t\t\t<div class=\"elementor-element elementor-element-e3c9d01 elementor-widget elementor-widget-heading\" data-id=\"e3c9d01\" data-element_type=\"widget\" data-e-type=\"widget\" data-widget_type=\"heading.default\">\n\t\t\t\t<div class=\"elementor-widget-container\">\n\t\t\t\t\t<h2 class=\"elementor-heading-title elementor-size-default\">Discutez avec nous de cette importante mission<\/h2>\t\t\t\t<\/div>\n\t\t\t\t<\/div>\n\t\t\t\t\t<\/div>\n\t\t<\/div>\n\t\t\t\t<div class=\"elementor-column elementor-col-50 elementor-top-column elementor-element elementor-element-9fda618\" data-id=\"9fda618\" data-element_type=\"column\" data-e-type=\"column\">\n\t\t\t<div class=\"elementor-widget-wrap\">\n\t\t\t\t\t\t\t<\/div>\n\t\t<\/div>\n\t\t\t\t\t<\/div>\n\t\t<\/section>\n\t\t\t\t<section class=\"elementor-section elementor-top-section elementor-element elementor-element-d56d4d8 elementor-section-full_width elementor-section-height-min-height elementor-section-height-default elementor-section-items-middle\" data-id=\"d56d4d8\" data-element_type=\"section\" data-e-type=\"section\" data-settings=\"{&quot;background_background&quot;:&quot;classic&quot;,&quot;background_motion_fx_translateY_effect&quot;:&quot;yes&quot;,&quot;background_motion_fx_translateY_speed&quot;:{&quot;unit&quot;:&quot;px&quot;,&quot;size&quot;:6,&quot;sizes&quot;:[]},&quot;background_motion_fx_motion_fx_scrolling&quot;:&quot;yes&quot;,&quot;background_motion_fx_translateY_affectedRange&quot;:{&quot;unit&quot;:&quot;%&quot;,&quot;size&quot;:&quot;&quot;,&quot;sizes&quot;:{&quot;start&quot;:0,&quot;end&quot;:100}},&quot;background_motion_fx_devices&quot;:[&quot;widescreen&quot;,&quot;desktop&quot;,&quot;laptop&quot;,&quot;tablet&quot;,&quot;mobile&quot;]}\">\n\t\t\t\t\t\t<div class=\"elementor-container elementor-column-gap-default\">\n\t\t\t\t\t<div class=\"elementor-column elementor-col-100 elementor-top-column elementor-element elementor-element-8c51b1f\" data-id=\"8c51b1f\" data-element_type=\"column\" data-e-type=\"column\">\n\t\t\t<div class=\"elementor-widget-wrap elementor-element-populated\">\n\t\t\t\t\t\t<div class=\"elementor-element elementor-element-9eb3711 elementor-widget elementor-widget-spacer\" data-id=\"9eb3711\" data-element_type=\"widget\" data-e-type=\"widget\" data-widget_type=\"spacer.default\">\n\t\t\t\t<div class=\"elementor-widget-container\">\n\t\t\t\t\t\t\t<div class=\"elementor-spacer\">\n\t\t\t<div class=\"elementor-spacer-inner\"><\/div>\n\t\t<\/div>\n\t\t\t\t\t\t<\/div>\n\t\t\t\t<\/div>\n\t\t\t\t<div class=\"elementor-element elementor-element-fa0a0b4 elementor-widget elementor-widget-spacer\" data-id=\"fa0a0b4\" data-element_type=\"widget\" data-e-type=\"widget\" data-widget_type=\"spacer.default\">\n\t\t\t\t<div class=\"elementor-widget-container\">\n\t\t\t\t\t\t\t<div class=\"elementor-spacer\">\n\t\t\t<div class=\"elementor-spacer-inner\"><\/div>\n\t\t<\/div>\n\t\t\t\t\t\t<\/div>\n\t\t\t\t<\/div>\n\t\t\t\t\t<\/div>\n\t\t<\/div>\n\t\t\t\t\t<\/div>\n\t\t<\/section>\n\t\t\t\t<section class=\"elementor-section elementor-top-section elementor-element elementor-element-d5d4161 elementor-section-boxed elementor-section-height-default elementor-section-height-default\" data-id=\"d5d4161\" data-element_type=\"section\" data-e-type=\"section\">\n\t\t\t\t\t\t<div class=\"elementor-container elementor-column-gap-default\">\n\t\t\t\t\t<div class=\"elementor-column elementor-col-50 elementor-top-column elementor-element elementor-element-612ceac\" data-id=\"612ceac\" data-element_type=\"column\" data-e-type=\"column\">\n\t\t\t<div class=\"elementor-widget-wrap elementor-element-populated\">\n\t\t\t\t\t\t<div class=\"elementor-element elementor-element-c50c061 elementor-widget elementor-widget-heading\" data-id=\"c50c061\" data-element_type=\"widget\" data-e-type=\"widget\" data-widget_type=\"heading.default\">\n\t\t\t\t<div class=\"elementor-widget-container\">\n\t\t\t\t\t<h5 class=\"elementor-heading-title elementor-size-default\">Toronto<\/h5>\t\t\t\t<\/div>\n\t\t\t\t<\/div>\n\t\t\t\t<div class=\"elementor-element elementor-element-87f4684 elementor-widget elementor-widget-text-editor\" data-id=\"87f4684\" data-element_type=\"widget\" data-e-type=\"widget\" data-widget_type=\"text-editor.default\">\n\t\t\t\t<div class=\"elementor-widget-container\">\n\t\t\t\t\t\t\t\t\t<p><strong>Power Sustainable Lios<\/strong><br \/>145 Adelaide St. W, Suite 300<br \/>Toronto (Ontario) <br \/>Canada M5H 4E5<\/p>\t\t\t\t\t\t\t\t<\/div>\n\t\t\t\t<\/div>\n\t\t\t\t\t<\/div>\n\t\t<\/div>\n\t\t\t\t<div class=\"elementor-column elementor-col-50 elementor-top-column elementor-element elementor-element-7ef610d\" data-id=\"7ef610d\" data-element_type=\"column\" data-e-type=\"column\">\n\t\t\t<div class=\"elementor-widget-wrap elementor-element-populated\">\n\t\t\t\t\t\t<div class=\"elementor-element elementor-element-05b0d03 elementor-widget elementor-widget-heading\" data-id=\"05b0d03\" data-element_type=\"widget\" data-e-type=\"widget\" data-widget_type=\"heading.default\">\n\t\t\t\t<div class=\"elementor-widget-container\">\n\t\t\t\t\t<h5 class=\"elementor-heading-title elementor-size-default\">Montr\u00e9al<\/h5>\t\t\t\t<\/div>\n\t\t\t\t<\/div>\n\t\t\t\t<div class=\"elementor-element elementor-element-3c904a8 elementor-widget elementor-widget-text-editor\" data-id=\"3c904a8\" data-element_type=\"widget\" data-e-type=\"widget\" data-widget_type=\"text-editor.default\">\n\t\t\t\t<div class=\"elementor-widget-container\">\n\t\t\t\t\t\t\t\t\t<p><strong>Power Sustainable Lios<\/strong><br \/>751, Square Victoria <br \/>Montr\u00e9al (Qu\u00e9bec) <br \/>Canada H2Y 2J3<\/p>\t\t\t\t\t\t\t\t<\/div>\n\t\t\t\t<\/div>\n\t\t\t\t\t<\/div>\n\t\t<\/div>\n\t\t\t\t\t<\/div>\n\t\t<\/section>\n\t\t\t\t<\/div>\n\t\t","protected":false},"excerpt":{"rendered":"<p>Contactez-nous Discutez avec nous de cette importante mission Toronto Power Sustainable Lios145 Adelaide St. W, Suite 300Toronto (Ontario) Canada M5H 4E5 Montr\u00e9al Power Sustainable Lios751, Square Victoria Montr\u00e9al (Qu\u00e9bec) Canada H2Y 2J3<\/p>\n","protected":false},"author":1,"featured_media":0,"parent":0,"menu_order":0,"comment_status":"closed","ping_status":"closed","template":"elementor_header_footer","meta":{"_acf_changed":false,"inline_featured_image":false,"footnotes":""},"class_list":["post-1374","page","type-page","status-publish","hentry"],"acf":[],"yoast_head":"<!-- This site is optimized with the Yoast SEO plugin v27.5 - https:\/\/yoast.com\/product\/yoast-seo-wordpress\/ -->\n<title>Contact FR - Power Sustainable Lios<\/title>\n<meta name=\"robots\" content=\"index, follow, max-snippet:-1, max-image-preview:large, max-video-preview:-1\" \/>\n<link rel=\"canonical\" href=\"https:\/\/powersustainablelios.com\/contact\/\" \/>\n<meta property=\"og:locale\" content=\"fr_CA\" \/>\n<meta property=\"og:type\" content=\"article\" \/>\n<meta property=\"og:title\" content=\"Contact FR - Power Sustainable Lios\" \/>\n<meta property=\"og:description\" content=\"Contactez-nous Discutez avec nous de cette importante mission Toronto Power Sustainable Lios145 Adelaide St. W, Suite 300Toronto (Ontario) Canada M5H 4E5 Montr\u00e9al Power Sustainable Lios751, Square Victoria Montr\u00e9al (Qu\u00e9bec) Canada H2Y 2J3\" \/>\n<meta property=\"og:url\" content=\"https:\/\/powersustainablelios.com\/contact\/\" \/>\n<meta property=\"og:site_name\" content=\"Power Sustainable Lios\" \/>\n<meta property=\"article:modified_time\" content=\"2023-01-09T15:54:07+00:00\" \/>\n<meta property=\"og:image\" content=\"https:\/\/powersustainablelios.com\/wp-content\/uploads\/2022\/03\/PowerSustainable_Lios_Red_db.png\" \/>\n\t<meta property=\"og:image:width\" content=\"745\" \/>\n\t<meta property=\"og:image:height\" content=\"745\" \/>\n\t<meta property=\"og:image:type\" content=\"image\/png\" \/>\n<meta name=\"twitter:card\" content=\"summary_large_image\" \/>\n<meta name=\"twitter:label1\" content=\"Estimation du temps de lecture\" \/>\n\t<meta name=\"twitter:data1\" content=\"1 minute\" \/>\n<script type=\"application\/ld+json\" class=\"yoast-schema-graph\">{\"@context\":\"https:\\\/\\\/schema.org\",\"@graph\":[{\"@type\":\"WebPage\",\"@id\":\"https:\\\/\\\/powersustainablelios.com\\\/contact\\\/\",\"url\":\"https:\\\/\\\/powersustainablelios.com\\\/contact\\\/\",\"name\":\"Contact FR - Power Sustainable Lios\",\"isPartOf\":{\"@id\":\"https:\\\/\\\/powersustainablelios.com\\\/#website\"},\"datePublished\":\"2022-03-18T02:13:53+00:00\",\"dateModified\":\"2023-01-09T15:54:07+00:00\",\"breadcrumb\":{\"@id\":\"https:\\\/\\\/powersustainablelios.com\\\/contact\\\/#breadcrumb\"},\"inLanguage\":\"fr-CA\",\"potentialAction\":[{\"@type\":\"ReadAction\",\"target\":[\"https:\\\/\\\/powersustainablelios.com\\\/contact\\\/\"]}]},{\"@type\":\"BreadcrumbList\",\"@id\":\"https:\\\/\\\/powersustainablelios.com\\\/contact\\\/#breadcrumb\",\"itemListElement\":[{\"@type\":\"ListItem\",\"position\":1,\"name\":\"Home\",\"item\":\"https:\\\/\\\/powersustainablelios.com\\\/fr\\\/\"},{\"@type\":\"ListItem\",\"position\":2,\"name\":\"Contact FR\"}]},{\"@type\":\"WebSite\",\"@id\":\"https:\\\/\\\/powersustainablelios.com\\\/#website\",\"url\":\"https:\\\/\\\/powersustainablelios.com\\\/\",\"name\":\"Power Sustainable Lios\",\"description\":\"\",\"publisher\":{\"@id\":\"https:\\\/\\\/powersustainablelios.com\\\/#organization\"},\"potentialAction\":[{\"@type\":\"SearchAction\",\"target\":{\"@type\":\"EntryPoint\",\"urlTemplate\":\"https:\\\/\\\/powersustainablelios.com\\\/?s={search_term_string}\"},\"query-input\":{\"@type\":\"PropertyValueSpecification\",\"valueRequired\":true,\"valueName\":\"search_term_string\"}}],\"inLanguage\":\"fr-CA\"},{\"@type\":\"Organization\",\"@id\":\"https:\\\/\\\/powersustainablelios.com\\\/#organization\",\"name\":\"Power Sustainable Lios\",\"url\":\"https:\\\/\\\/powersustainablelios.com\\\/\",\"logo\":{\"@type\":\"ImageObject\",\"inLanguage\":\"fr-CA\",\"@id\":\"https:\\\/\\\/powersustainablelios.com\\\/#\\\/schema\\\/logo\\\/image\\\/\",\"url\":\"https:\\\/\\\/powersustainablelios.com\\\/wp-content\\\/uploads\\\/2022\\\/03\\\/PowerSustainable_Lios_Red.png\",\"contentUrl\":\"https:\\\/\\\/powersustainablelios.com\\\/wp-content\\\/uploads\\\/2022\\\/03\\\/PowerSustainable_Lios_Red.png\",\"width\":745,\"height\":166,\"caption\":\"Power Sustainable Lios\"},\"image\":{\"@id\":\"https:\\\/\\\/powersustainablelios.com\\\/#\\\/schema\\\/logo\\\/image\\\/\"}}]}<\/script>\n<!-- \/ Yoast SEO plugin. -->","yoast_head_json":{"title":"Contact FR - Power Sustainable Lios","robots":{"index":"index","follow":"follow","max-snippet":"max-snippet:-1","max-image-preview":"max-image-preview:large","max-video-preview":"max-video-preview:-1"},"canonical":"https:\/\/powersustainablelios.com\/contact\/","og_locale":"fr_CA","og_type":"article","og_title":"Contact FR - Power Sustainable Lios","og_description":"Contactez-nous Discutez avec nous de cette importante mission Toronto Power Sustainable Lios145 Adelaide St. W, Suite 300Toronto (Ontario) Canada M5H 4E5 Montr\u00e9al Power Sustainable Lios751, Square Victoria Montr\u00e9al (Qu\u00e9bec) Canada H2Y 2J3","og_url":"https:\/\/powersustainablelios.com\/contact\/","og_site_name":"Power Sustainable Lios","article_modified_time":"2023-01-09T15:54:07+00:00","og_image":[{"width":745,"height":745,"url":"https:\/\/powersustainablelios.com\/wp-content\/uploads\/2022\/03\/PowerSustainable_Lios_Red_db.png","type":"image\/png"}],"twitter_card":"summary_large_image","twitter_misc":{"Estimation du temps de lecture":"1 minute"},"schema":{"@context":"https:\/\/schema.org","@graph":[{"@type":"WebPage","@id":"https:\/\/powersustainablelios.com\/contact\/","url":"https:\/\/powersustainablelios.com\/contact\/","name":"Contact FR - Power Sustainable Lios","isPartOf":{"@id":"https:\/\/powersustainablelios.com\/#website"},"datePublished":"2022-03-18T02:13:53+00:00","dateModified":"2023-01-09T15:54:07+00:00","breadcrumb":{"@id":"https:\/\/powersustainablelios.com\/contact\/#breadcrumb"},"inLanguage":"fr-CA","potentialAction":[{"@type":"ReadAction","target":["https:\/\/powersustainablelios.com\/contact\/"]}]},{"@type":"BreadcrumbList","@id":"https:\/\/powersustainablelios.com\/contact\/#breadcrumb","itemListElement":[{"@type":"ListItem","position":1,"name":"Home","item":"https:\/\/powersustainablelios.com\/fr\/"},{"@type":"ListItem","position":2,"name":"Contact FR"}]},{"@type":"WebSite","@id":"https:\/\/powersustainablelios.com\/#website","url":"https:\/\/powersustainablelios.com\/","name":"Power Sustainable Lios","description":"","publisher":{"@id":"https:\/\/powersustainablelios.com\/#organization"},"potentialAction":[{"@type":"SearchAction","target":{"@type":"EntryPoint","urlTemplate":"https:\/\/powersustainablelios.com\/?s={search_term_string}"},"query-input":{"@type":"PropertyValueSpecification","valueRequired":true,"valueName":"search_term_string"}}],"inLanguage":"fr-CA"},{"@type":"Organization","@id":"https:\/\/powersustainablelios.com\/#organization","name":"Power Sustainable Lios","url":"https:\/\/powersustainablelios.com\/","logo":{"@type":"ImageObject","inLanguage":"fr-CA","@id":"https:\/\/powersustainablelios.com\/#\/schema\/logo\/image\/","url":"https:\/\/powersustainablelios.com\/wp-content\/uploads\/2022\/03\/PowerSustainable_Lios_Red.png","contentUrl":"https:\/\/powersustainablelios.com\/wp-content\/uploads\/2022\/03\/PowerSustainable_Lios_Red.png","width":745,"height":166,"caption":"Power Sustainable Lios"},"image":{"@id":"https:\/\/powersustainablelios.com\/#\/schema\/logo\/image\/"}}]}},"_links":{"self":[{"href":"https:\/\/powersustainablelios.com\/fr\/wp-json\/wp\/v2\/pages\/1374","targetHints":{"allow":["GET"]}}],"collection":[{"href":"https:\/\/powersustainablelios.com\/fr\/wp-json\/wp\/v2\/pages"}],"about":[{"href":"https:\/\/powersustainablelios.com\/fr\/wp-json\/wp\/v2\/types\/page"}],"author":[{"embeddable":true,"href":"https:\/\/powersustainablelios.com\/fr\/wp-json\/wp\/v2\/users\/1"}],"replies":[{"embeddable":true,"href":"https:\/\/powersustainablelios.com\/fr\/wp-json\/wp\/v2\/comments?post=1374"}],"version-history":[{"count":77,"href":"https:\/\/powersustainablelios.com\/fr\/wp-json\/wp\/v2\/pages\/1374\/revisions"}],"predecessor-version":[{"id":5165,"href":"https:\/\/powersustainablelios.com\/fr\/wp-json\/wp\/v2\/pages\/1374\/revisions\/5165"}],"wp:attachment":[{"href":"https:\/\/powersustainablelios.com\/fr\/wp-json\/wp\/v2\/media?parent=1374"}],"curies":[{"name":"wp","href":"https:\/\/api.w.org\/{rel}","templated":true}]}}